{"id":30,"date":"2019-02-12T10:52:43","date_gmt":"2019-02-12T09:52:43","guid":{"rendered":"http:\/\/www.cy-laser.com\/?page_id=30"},"modified":"2022-12-12T09:39:54","modified_gmt":"2022-12-12T08:39:54","slug":"news","status":"publish","type":"page","link":"https:\/\/www.cy-laser.com\/it\/news\/","title":{"rendered":"News"},"content":{"rendered":"<p>[et_pb_section fb_built=&#8221;1&#8243; fullwidth=&#8221;on&#8221; _builder_version=&#8221;4.16&#8243; global_colors_info=&#8221;{}&#8221;][et_pb_fullwidth_image src=&#8221;https:\/\/www.cy-laser.com\/wp-content\/uploads\/2020\/02\/cy_azienda_news.jpg&#8221; _builder_version=&#8221;4.16&#8243; global_colors_info=&#8221;{}&#8221;][\/et_pb_fullwidth_image][\/et_pb_section][et_pb_section fb_built=&#8221;1&#8243; _builder_version=&#8221;4.16&#8243; global_colors_info=&#8221;{}&#8221;][et_pb_row _builder_version=&#8221;4.16&#8243; global_colors_info=&#8221;{}&#8221;][et_pb_column type=&#8221;4_4&#8243; _builder_version=&#8221;4.16&#8243; global_colors_info=&#8221;{}&#8221;][et_pb_text _builder_version=&#8221;4.17.4&#8243; locked=&#8221;off&#8221; global_colors_info=&#8221;{}&#8221;]<\/p>\n<h1 style=\"font-size: 45px; text-transform: none; line-height: 40px; text-align: center;\">News<\/h1>\n<p>[\/et_pb_text][et_pb_blog fullwidth=&#8221;off&#8221; posts_number=&#8221;100&#8243; include_categories=&#8221;22&#8243; show_author=&#8221;off&#8221; show_categories=&#8221;off&#8221; show_pagination=&#8221;off&#8221; _builder_version=&#8221;4.17.6&#8243; custom_padding=&#8221;2%|2%|2%|2%|false|false&#8221; box_shadow_style_image=&#8221;preset3&#8243; global_colors_info=&#8221;{}&#8221;][\/et_pb_blog][\/et_pb_column][\/et_pb_row][\/et_pb_section]<\/p>\n","protected":false},"excerpt":{"rendered":"<p>Leggi le news per rimanere aggiornato su Cy-laser. Novit\u00e0, fiere, eventi in programma e curiosit\u00e0 dal mondo del taglio laser fibra<\/p>\n","protected":false},"author":2,"featured_media":0,"parent":0,"menu_order":0,"comment_status":"closed","ping_status":"open","template":"","meta":{"_acf_changed":false,"_et_pb_use_builder":"on","_et_pb_old_content":"","_et_gb_content_width":"","footnotes":""},"acf":[],"yoast_head":"<!-- This site is optimized with the Yoast SEO plugin v23.5 - https:\/\/yoast.com\/wordpress\/plugins\/seo\/ -->\n<title>Cy-laser news: aggiornamenti su novit\u00e0 ed eventi<\/title>\n<meta name=\"description\" content=\"Leggi le news per rimanere aggiornato su Cy-laser. Novit\u00e0, fiere, eventi in programma e curiosit\u00e0 dal mondo del taglio laser fibra\" \/>\n<meta name=\"robots\" content=\"index, follow, max-snippet:-1, max-image-preview:large, max-video-preview:-1\" \/>\n<link rel=\"canonical\" href=\"https:\/\/www.cy-laser.com\/it\/news\/\" \/>\n<meta property=\"og:locale\" content=\"it_IT\" \/>\n<meta property=\"og:type\" content=\"article\" \/>\n<meta property=\"og:title\" content=\"Cy-laser news: aggiornamenti su novit\u00e0 ed eventi\" \/>\n<meta property=\"og:description\" content=\"Leggi le news per rimanere aggiornato su Cy-laser. Novit\u00e0, fiere, eventi in programma e curiosit\u00e0 dal mondo del taglio laser fibra\" \/>\n<meta property=\"og:url\" content=\"https:\/\/www.cy-laser.com\/it\/news\/\" \/>\n<meta property=\"og:site_name\" content=\"CY-Laser Sistemi Taglio Laser in Fibra Ottica\" \/>\n<meta property=\"article:modified_time\" content=\"2022-12-12T08:39:54+00:00\" \/>\n<meta name=\"twitter:card\" content=\"summary_large_image\" \/>\n<meta name=\"twitter:label1\" content=\"Tempo di lettura stimato\" \/>\n\t<meta name=\"twitter:data1\" content=\"1 minuto\" \/>\n<script type=\"application\/ld+json\" class=\"yoast-schema-graph\">{\"@context\":\"https:\/\/schema.org\",\"@graph\":[{\"@type\":\"WebPage\",\"@id\":\"https:\/\/www.cy-laser.com\/it\/news\/\",\"url\":\"https:\/\/www.cy-laser.com\/it\/news\/\",\"name\":\"Cy-laser news: aggiornamenti su novit\u00e0 ed eventi\",\"isPartOf\":{\"@id\":\"https:\/\/www.cy-laser.com\/en\/#website\"},\"datePublished\":\"2019-02-12T09:52:43+00:00\",\"dateModified\":\"2022-12-12T08:39:54+00:00\",\"description\":\"Leggi le news per rimanere aggiornato su Cy-laser. Novit\u00e0, fiere, eventi in programma e curiosit\u00e0 dal mondo del taglio laser fibra\",\"breadcrumb\":{\"@id\":\"https:\/\/www.cy-laser.com\/it\/news\/#breadcrumb\"},\"inLanguage\":\"it-IT\",\"potentialAction\":[{\"@type\":\"ReadAction\",\"target\":[\"https:\/\/www.cy-laser.com\/it\/news\/\"]}]},{\"@type\":\"BreadcrumbList\",\"@id\":\"https:\/\/www.cy-laser.com\/it\/news\/#breadcrumb\",\"itemListElement\":[{\"@type\":\"ListItem\",\"position\":1,\"name\":\"Home\",\"item\":\"https:\/\/www.cy-laser.com\/it\/\"},{\"@type\":\"ListItem\",\"position\":2,\"name\":\"News\"}]},{\"@type\":\"WebSite\",\"@id\":\"https:\/\/www.cy-laser.com\/en\/#website\",\"url\":\"https:\/\/www.cy-laser.com\/en\/\",\"name\":\"CY-Laser Sistemi Taglio Laser in Fibra Ottica\",\"description\":\"CY-Laser si occupa di Sistemi di Taglio Laser in Fibra Ottica per il taglio di metalli come ferro, ottone, acciao, acciao inox.\",\"potentialAction\":[{\"@type\":\"SearchAction\",\"target\":{\"@type\":\"EntryPoint\",\"urlTemplate\":\"https:\/\/www.cy-laser.com\/en\/?s={search_term_string}\"},\"query-input\":{\"@type\":\"PropertyValueSpecification\",\"valueRequired\":true,\"valueName\":\"search_term_string\"}}],\"inLanguage\":\"it-IT\"}]}<\/script>\n<!-- \/ Yoast SEO plugin. -->","yoast_head_json":{"title":"Cy-laser news: aggiornamenti su novit\u00e0 ed eventi","description":"Leggi le news per rimanere aggiornato su Cy-laser. Novit\u00e0, fiere, eventi in programma e curiosit\u00e0 dal mondo del taglio laser fibra","robots":{"index":"index","follow":"follow","max-snippet":"max-snippet:-1","max-image-preview":"max-image-preview:large","max-video-preview":"max-video-preview:-1"},"canonical":"https:\/\/www.cy-laser.com\/it\/news\/","og_locale":"it_IT","og_type":"article","og_title":"Cy-laser news: aggiornamenti su novit\u00e0 ed eventi","og_description":"Leggi le news per rimanere aggiornato su Cy-laser. Novit\u00e0, fiere, eventi in programma e curiosit\u00e0 dal mondo del taglio laser fibra","og_url":"https:\/\/www.cy-laser.com\/it\/news\/","og_site_name":"CY-Laser Sistemi Taglio Laser in Fibra Ottica","article_modified_time":"2022-12-12T08:39:54+00:00","twitter_card":"summary_large_image","twitter_misc":{"Tempo di lettura stimato":"1 minuto"},"schema":{"@context":"https:\/\/schema.org","@graph":[{"@type":"WebPage","@id":"https:\/\/www.cy-laser.com\/it\/news\/","url":"https:\/\/www.cy-laser.com\/it\/news\/","name":"Cy-laser news: aggiornamenti su novit\u00e0 ed eventi","isPartOf":{"@id":"https:\/\/www.cy-laser.com\/en\/#website"},"datePublished":"2019-02-12T09:52:43+00:00","dateModified":"2022-12-12T08:39:54+00:00","description":"Leggi le news per rimanere aggiornato su Cy-laser. Novit\u00e0, fiere, eventi in programma e curiosit\u00e0 dal mondo del taglio laser fibra","breadcrumb":{"@id":"https:\/\/www.cy-laser.com\/it\/news\/#breadcrumb"},"inLanguage":"it-IT","potentialAction":[{"@type":"ReadAction","target":["https:\/\/www.cy-laser.com\/it\/news\/"]}]},{"@type":"BreadcrumbList","@id":"https:\/\/www.cy-laser.com\/it\/news\/#breadcrumb","itemListElement":[{"@type":"ListItem","position":1,"name":"Home","item":"https:\/\/www.cy-laser.com\/it\/"},{"@type":"ListItem","position":2,"name":"News"}]},{"@type":"WebSite","@id":"https:\/\/www.cy-laser.com\/en\/#website","url":"https:\/\/www.cy-laser.com\/en\/","name":"CY-Laser Sistemi Taglio Laser in Fibra Ottica","description":"CY-Laser si occupa di Sistemi di Taglio Laser in Fibra Ottica per il taglio di metalli come ferro, ottone, acciao, acciao inox.","potentialAction":[{"@type":"SearchAction","target":{"@type":"EntryPoint","urlTemplate":"https:\/\/www.cy-laser.com\/en\/?s={search_term_string}"},"query-input":{"@type":"PropertyValueSpecification","valueRequired":true,"valueName":"search_term_string"}}],"inLanguage":"it-IT"}]}},"_links":{"self":[{"href":"https:\/\/www.cy-laser.com\/it\/wp-json\/wp\/v2\/pages\/30"}],"collection":[{"href":"https:\/\/www.cy-laser.com\/it\/wp-json\/wp\/v2\/pages"}],"about":[{"href":"https:\/\/www.cy-laser.com\/it\/wp-json\/wp\/v2\/types\/page"}],"author":[{"embeddable":true,"href":"https:\/\/www.cy-laser.com\/it\/wp-json\/wp\/v2\/users\/2"}],"replies":[{"embeddable":true,"href":"https:\/\/www.cy-laser.com\/it\/wp-json\/wp\/v2\/comments?post=30"}],"version-history":[{"count":5,"href":"https:\/\/www.cy-laser.com\/it\/wp-json\/wp\/v2\/pages\/30\/revisions"}],"predecessor-version":[{"id":14331,"href":"https:\/\/www.cy-laser.com\/it\/wp-json\/wp\/v2\/pages\/30\/revisions\/14331"}],"wp:attachment":[{"href":"https:\/\/www.cy-laser.com\/it\/wp-json\/wp\/v2\/media?parent=30"}],"curies":[{"name":"wp","href":"https:\/\/api.w.org\/{rel}","templated":true}]}}